{"id":20485,"date":"2024-04-22T12:31:08","date_gmt":"2024-04-22T12:31:08","guid":{"rendered":"https:\/\/aimdoll.com\/product\/60cm-1-4-ebony-silicone-sex-doll-dog\/"},"modified":"2024-05-15T08:30:06","modified_gmt":"2024-05-15T08:30:06","slug":"60cm-1-4-ebony-silicone-sex-doll-dog","status":"publish","type":"product","link":"https:\/\/nordicdoll.com\/da\/product\/60cm-1-4-ibenholt-silikone-sexdukke-hund\/","title":{"rendered":"60cm 1\/4 ibenholt silikone sexdukkehund"},"content":{"rendered":"<p>Det 60 cm sorte sexleget\u00f8j er den bedste partner til t\u00e6tte stunder. Denne smukt lavede billige teen-sex-dukke er skabt til at tilfredsstille alle dine \u00f8nsker og give dig sjov i topklasse med et lille plastik k\u00e6rlighedsleget\u00f8j.<\/p>\n<p>Denne lille og attraktive candy8teen mini k\u00e6rlighedsdukke er meget smuk. Det ser s\u00e5 \u00e6gte ud, at det m\u00e5ske g\u00f8r dig m\u00e5ll\u00f8s. Den lille hundesexdukke har et fint formet ansigt, bl\u00f8d hud og lokkende kurver, der helt sikkert vil interessere dig, n\u00e5r du f\u00f8rste gang ser mit barns skide leget\u00f8j.<\/p>\n<p>Denne lille japanske sexdukke er lavet af gode ting som TPE. Den f\u00f8les t\u00e6t p\u00e5 \u00e6gte menneskehud og har en dejlig tekstur for en bedre nydelsesf\u00f8lelse. Denne k\u00e6rlighedsdukke til teenagere har ogs\u00e5 et metalskelet, der lader den b\u00f8je og rejse let. Den lille st\u00f8rrelse af Tracy 3d mini-sexdukken skader ikke hendes styrke, n\u00e5r hun bev\u00e6ger sig i forskellige positioner.<\/p>\n<p>&nbsp;<\/p>\n\t\t<div data-elementor-type=\"section\" data-elementor-id=\"15956\" class=\"elementor elementor-15956\" data-elementor-post-type=\"elementor_library\">\n\t\t\t<div class=\"wd-negative-gap elementor-element elementor-element-e744d45 e-flex e-con-boxed e-con e-parent\" data-id=\"e744d45\" data-element_type=\"container\">\n\t\t\t\t\t<div class=\"e-con-inner\">\n\t\t<div class=\"wd-negative-gap elementor-element elementor-element-2abc4734 e-flex e-con-boxed e-con e-child\" data-id=\"2abc4734\" data-element_type=\"container\">\n\t\t\t\t\t<div class=\"e-con-inner\">\n\t\t<div class=\"wd-negative-gap elementor-element elementor-element-e4e90d0 e-flex e-con-boxed e-con e-child\" data-id=\"e4e90d0\" data-element_type=\"container\">\n\t\t\t\t\t<div class=\"e-con-inner\">\n\t\t\t\t<div class=\"elementor-element elementor-element-2191b1a4 elementor-cta--skin-cover elementor-animated-content elementor-bg-transform elementor-bg-transform-zoom-in elementor-widget elementor-widget-call-to-action\" data-id=\"2191b1a4\" data-element_type=\"widget\" data-widget_type=\"call-to-action.default\">\n\t\t\t\t<div class=\"elementor-widget-container\">\n\t\t\t\t\t<a class=\"elementor-cta\" href=\"https:\/\/nordicdoll.com\/da\/billeder-af-sex-dukke\/\">\n\t\t\t\t\t<div class=\"elementor-cta__bg-wrapper\">\n\t\t\t\t<div class=\"elementor-cta__bg elementor-bg\" style=\"background-image: url(https:\/\/nordicdoll.com\/wp-content\/uploads\/2024\/04\/redirect.jpg);\" role=\"img\" aria-label=\"omdirigere\"><\/div>\n\t\t\t\t<div class=\"elementor-cta__bg-overlay\"><\/div>\n\t\t\t<\/div>\n\t\t\t\t\t\t\t<div class=\"elementor-cta__content\">\n\t\t\t\t\n\t\t\t\t\t\t\t\t\t<h2 class=\"elementor-cta__title elementor-cta__content-item elementor-content-item elementor-animated-item--grow\">\n\t\t\t\t\t\t2500+ sm\u00e5 mini-sexdukker <\/br>sexdollxxx .com\t\t\t\t\t<\/h2>\n\t\t\t\t\n\t\t\t\t\t\t\t\t\t<div class=\"elementor-cta__description elementor-cta__content-item elementor-content-item elementor-animated-item--grow\">\n\t\t\t\t\t\t40 cm, 60 cm, 80 cm, 100 cm, 120 cm, 140 cm\t\t\t\t\t<\/div>\n\t\t\t\t\n\t\t\t\t\t\t\t\t\t<div class=\"elementor-cta__button-wrapper elementor-cta__content-item elementor-content-item elementor-animated-item--grow\">\n\t\t\t\t\t<span class=\"elementor-cta__button elementor-button elementor-size-md\">\n\t\t\t\t\t\tK\u00f8b nu\t\t\t\t\t<\/span>\n\t\t\t\t\t<\/div>\n\t\t\t\t\t\t\t<\/div>\n\t\t\t\t\t\t<\/a>\n\t\t\t\t<\/div>\n\t\t\t\t<\/div>\n\t\t\t\t\t<\/div>\n\t\t\t\t<\/div>\n\t\t\t\t\t<\/div>\n\t\t\t\t<\/div>\n\t\t\t\t\t<\/div>\n\t\t\t\t<\/div>\n\t\t\t\t<\/div>","protected":false},"excerpt":{"rendered":"<div data-elementor-type=\"section\" data-elementor-id=\"15952\" class=\"elementor elementor-15952\" data-elementor-post-type=\"elementor_library\">\n<div class=\"wd-negative-gap elementor-element elementor-element-49f97e26 e-flex e-con-boxed e-con e-parent\" data-id=\"49f97e26\" data-element_type=\"container\">\n<div class=\"e-con-inner\">\n<div class=\"wd-negative-gap elementor-element elementor-element-449b9556 e-flex e-con-boxed e-con e-child\" data-id=\"449b9556\" data-element_type=\"container\">\n<div class=\"e-con-inner\">\n<div class=\"elementor-element elementor-element-613a7c10 elementor-cta--skin-cover elementor-animated-content elementor-bg-transform elementor-bg-transform-zoom-in elementor-widget elementor-widget-call-to-action\" data-id=\"613a7c10\" data-element_type=\"widget\" data-widget_type=\"call-to-action.default\">\n<div class=\"elementor-widget-container\">\n\t\t\t<link rel=\"stylesheet\" href=\"https:\/\/nordicdoll.com\/wp-content\/uploads\/elementor\/css\/custom-pro-widget-call-to-action.min.css?ver=1716120294\">\t\t<a class=\"elementor-cta\" href=\"https:\/\/nordicdoll.com\/da\/billeder-af-sex-dukke\/\"><\/p>\n<div class=\"elementor-cta__bg-wrapper\">\n<div class=\"elementor-cta__bg elementor-bg\" style=\"background-image: url(https:\/\/nordicdoll.com\/wp-content\/uploads\/2024\/04\/redirect-1.jpg);\" role=\"img\" aria-label=\"redirect.jpg\"><\/div>\n<div class=\"elementor-cta__bg-overlay\"><\/div>\n<\/p><\/div>\n<div class=\"elementor-cta__content\">\n<h2 class=\"elementor-cta__title elementor-cta__content-item elementor-content-item elementor-animated-item--grow\">\n\t\t\t\t\t\t2500+ sm\u00e5 mini-sexdukker <\/br>sexdollxxx .com\t\t\t\t\t<\/h2>\n<div class=\"elementor-cta__description elementor-cta__content-item elementor-content-item elementor-animated-item--grow\">\n\t\t\t\t\t\t40 cm, 60 cm, 80 cm, 100 cm, 120 cm, 140 cm\t\t\t\t\t<\/div>\n<div class=\"elementor-cta__button-wrapper elementor-cta__content-item elementor-content-item elementor-animated-item--grow\">\n\t\t\t\t\t<span class=\"elementor-cta__button elementor-button elementor-size-md\"><br \/>\n\t\t\t\t\t\tK\u00f8b nu\t\t\t\t\t<\/span>\n\t\t\t\t\t<\/div>\n<\/p><\/div>\n<p>\t\t\t\t\t\t<\/a>\n\t\t\t\t<\/div>\n<\/p><\/div>\n<\/p><\/div>\n<\/p><\/div>\n<\/p><\/div>\n<\/p><\/div>\n<\/p><\/div>","protected":false},"featured_media":15950,"comment_status":"closed","ping_status":"closed","template":"","meta":[],"product_cat":[804,771,770],"product_tag":[],"aioseo_notices":[],"_links":{"self":[{"href":"https:\/\/nordicdoll.com\/da\/wp-json\/wp\/v2\/product\/20485"}],"collection":[{"href":"https:\/\/nordicdoll.com\/da\/wp-json\/wp\/v2\/product"}],"about":[{"href":"https:\/\/nordicdoll.com\/da\/wp-json\/wp\/v2\/types\/product"}],"replies":[{"embeddable":true,"href":"https:\/\/nordicdoll.com\/da\/wp-json\/wp\/v2\/comments?post=20485"}],"version-history":[{"count":1,"href":"https:\/\/nordicdoll.com\/da\/wp-json\/wp\/v2\/product\/20485\/revisions"}],"predecessor-version":[{"id":20486,"href":"https:\/\/nordicdoll.com\/da\/wp-json\/wp\/v2\/product\/20485\/revisions\/20486"}],"wp:featuredmedia":[{"embeddable":true,"href":"https:\/\/nordicdoll.com\/da\/wp-json\/wp\/v2\/media\/15950"}],"wp:attachment":[{"href":"https:\/\/nordicdoll.com\/da\/wp-json\/wp\/v2\/media?parent=20485"}],"wp:term":[{"taxonomy":"product_cat","embeddable":true,"href":"https:\/\/nordicdoll.com\/da\/wp-json\/wp\/v2\/product_cat?post=20485"},{"taxonomy":"product_tag","embeddable":true,"href":"https:\/\/nordicdoll.com\/da\/wp-json\/wp\/v2\/product_tag?post=20485"}],"curies":[{"name":"wp","href":"https:\/\/api.w.org\/{rel}","templated":true}]}}