{"id":20407,"date":"2024-04-22T12:31:01","date_gmt":"2024-04-22T12:31:01","guid":{"rendered":"https:\/\/aimdoll.com\/product\/100-cm-realistic-sex-doll-for-men\/"},"modified":"2024-05-15T08:18:25","modified_gmt":"2024-05-15T08:18:25","slug":"100-cm-realistic-sex-doll-for-men","status":"publish","type":"product","link":"https:\/\/nordicdoll.com\/da\/product\/100-cm-realistisk-sexdukke-til-maend\/","title":{"rendered":"100 cm realistisk sexdukke til m\u00e6nd"},"content":{"rendered":"<p>Vi pr\u00e6senterer 100 cm real person dukke, mini r\u00f8dh\u00e6tte sexdukke version - et fantastisk og realistisk leget\u00f8j, der vil tilfredsstille alle dine private \u00f8nsker. Lavet af f\u00f8rsteklasses materialer og mesterligt h\u00e5ndv\u00e6rk er denne lille k\u00e6rlighedsdukke virkelig unik.<\/p>\n<p>Dette mini r\u00f8dh\u00e6tte leget\u00f8j er h\u00f8jt p\u00e5 100 cm og har smukke detaljer fra toppen af hovedet til bunden. Hun har smukt h\u00e5r og et smukt ansigt, hver del er lavet til at se \u00e6gte ud for at nyde det.<\/p>\n<p>Denne smukke sexdukke er if\u00f8rt en r\u00f8d kappe og matchende undert\u00f8j, som den ber\u00f8mte eventyrkarakter. Det er meget sexet. Dens lille st\u00f8rrelse og lette krop g\u00f8r det nemt at flytte rundt for det mest sjove.<\/p>\n<p>&nbsp;<\/p>\n\t\t<div data-elementor-type=\"section\" data-elementor-id=\"15956\" class=\"elementor elementor-15956\" data-elementor-post-type=\"elementor_library\">\n\t\t\t<div class=\"wd-negative-gap elementor-element elementor-element-e744d45 e-flex e-con-boxed e-con e-parent\" data-id=\"e744d45\" data-element_type=\"container\">\n\t\t\t\t\t<div class=\"e-con-inner\">\n\t\t<div class=\"wd-negative-gap elementor-element elementor-element-2abc4734 e-flex e-con-boxed e-con e-child\" data-id=\"2abc4734\" data-element_type=\"container\">\n\t\t\t\t\t<div class=\"e-con-inner\">\n\t\t<div class=\"wd-negative-gap elementor-element elementor-element-e4e90d0 e-flex e-con-boxed e-con e-child\" data-id=\"e4e90d0\" data-element_type=\"container\">\n\t\t\t\t\t<div class=\"e-con-inner\">\n\t\t\t\t<div class=\"elementor-element elementor-element-2191b1a4 elementor-cta--skin-cover elementor-animated-content elementor-bg-transform elementor-bg-transform-zoom-in elementor-widget elementor-widget-call-to-action\" data-id=\"2191b1a4\" data-element_type=\"widget\" data-widget_type=\"call-to-action.default\">\n\t\t\t\t<div class=\"elementor-widget-container\">\n\t\t\t\t\t<a class=\"elementor-cta\" href=\"https:\/\/nordicdoll.com\/da\/billeder-af-sex-dukke\/\">\n\t\t\t\t\t<div class=\"elementor-cta__bg-wrapper\">\n\t\t\t\t<div class=\"elementor-cta__bg elementor-bg\" style=\"background-image: url(https:\/\/nordicdoll.com\/wp-content\/uploads\/2024\/04\/redirect.jpg);\" role=\"img\" aria-label=\"omdirigere\"><\/div>\n\t\t\t\t<div class=\"elementor-cta__bg-overlay\"><\/div>\n\t\t\t<\/div>\n\t\t\t\t\t\t\t<div class=\"elementor-cta__content\">\n\t\t\t\t\n\t\t\t\t\t\t\t\t\t<h2 class=\"elementor-cta__title elementor-cta__content-item elementor-content-item elementor-animated-item--grow\">\n\t\t\t\t\t\t2500+ sm\u00e5 mini-sexdukker <\/br>sexdollxxx .com\t\t\t\t\t<\/h2>\n\t\t\t\t\n\t\t\t\t\t\t\t\t\t<div class=\"elementor-cta__description elementor-cta__content-item elementor-content-item elementor-animated-item--grow\">\n\t\t\t\t\t\t40 cm, 60 cm, 80 cm, 100 cm, 120 cm, 140 cm\t\t\t\t\t<\/div>\n\t\t\t\t\n\t\t\t\t\t\t\t\t\t<div class=\"elementor-cta__button-wrapper elementor-cta__content-item elementor-content-item elementor-animated-item--grow\">\n\t\t\t\t\t<span class=\"elementor-cta__button elementor-button elementor-size-md\">\n\t\t\t\t\t\tK\u00f8b nu\t\t\t\t\t<\/span>\n\t\t\t\t\t<\/div>\n\t\t\t\t\t\t\t<\/div>\n\t\t\t\t\t\t<\/a>\n\t\t\t\t<\/div>\n\t\t\t\t<\/div>\n\t\t\t\t\t<\/div>\n\t\t\t\t<\/div>\n\t\t\t\t\t<\/div>\n\t\t\t\t<\/div>\n\t\t\t\t\t<\/div>\n\t\t\t\t<\/div>\n\t\t\t\t<\/div>","protected":false},"excerpt":{"rendered":"<div data-elementor-type=\"section\" data-elementor-id=\"15952\" class=\"elementor elementor-15952\" data-elementor-post-type=\"elementor_library\">\n<div class=\"wd-negative-gap elementor-element elementor-element-49f97e26 e-flex e-con-boxed e-con e-parent\" data-id=\"49f97e26\" data-element_type=\"container\">\n<div class=\"e-con-inner\">\n<div class=\"wd-negative-gap elementor-element elementor-element-449b9556 e-flex e-con-boxed e-con e-child\" data-id=\"449b9556\" data-element_type=\"container\">\n<div class=\"e-con-inner\">\n<div class=\"elementor-element elementor-element-613a7c10 elementor-cta--skin-cover elementor-animated-content elementor-bg-transform elementor-bg-transform-zoom-in elementor-widget elementor-widget-call-to-action\" data-id=\"613a7c10\" data-element_type=\"widget\" data-widget_type=\"call-to-action.default\">\n<div class=\"elementor-widget-container\">\n\t\t\t<link rel=\"stylesheet\" href=\"https:\/\/nordicdoll.com\/wp-content\/uploads\/elementor\/css\/custom-pro-widget-call-to-action.min.css?ver=1716120294\">\t\t<a class=\"elementor-cta\" href=\"https:\/\/nordicdoll.com\/da\/billeder-af-sex-dukke\/\"><\/p>\n<div class=\"elementor-cta__bg-wrapper\">\n<div class=\"elementor-cta__bg elementor-bg\" style=\"background-image: url(https:\/\/nordicdoll.com\/wp-content\/uploads\/2024\/04\/redirect-1.jpg);\" role=\"img\" aria-label=\"redirect.jpg\"><\/div>\n<div class=\"elementor-cta__bg-overlay\"><\/div>\n<\/p><\/div>\n<div class=\"elementor-cta__content\">\n<h2 class=\"elementor-cta__title elementor-cta__content-item elementor-content-item elementor-animated-item--grow\">\n\t\t\t\t\t\t2500+ sm\u00e5 mini-sexdukker <\/br>sexdollxxx .com\t\t\t\t\t<\/h2>\n<div class=\"elementor-cta__description elementor-cta__content-item elementor-content-item elementor-animated-item--grow\">\n\t\t\t\t\t\t40 cm, 60 cm, 80 cm, 100 cm, 120 cm, 140 cm\t\t\t\t\t<\/div>\n<div class=\"elementor-cta__button-wrapper elementor-cta__content-item elementor-content-item elementor-animated-item--grow\">\n\t\t\t\t\t<span class=\"elementor-cta__button elementor-button elementor-size-md\"><br \/>\n\t\t\t\t\t\tK\u00f8b nu\t\t\t\t\t<\/span>\n\t\t\t\t\t<\/div>\n<\/p><\/div>\n<p>\t\t\t\t\t\t<\/a>\n\t\t\t\t<\/div>\n<\/p><\/div>\n<\/p><\/div>\n<\/p><\/div>\n<\/p><\/div>\n<\/p><\/div>\n<\/p><\/div>","protected":false},"featured_media":15950,"comment_status":"closed","ping_status":"closed","template":"","meta":[],"product_cat":[767,768,769],"product_tag":[],"aioseo_notices":[],"_links":{"self":[{"href":"https:\/\/nordicdoll.com\/da\/wp-json\/wp\/v2\/product\/20407"}],"collection":[{"href":"https:\/\/nordicdoll.com\/da\/wp-json\/wp\/v2\/product"}],"about":[{"href":"https:\/\/nordicdoll.com\/da\/wp-json\/wp\/v2\/types\/product"}],"replies":[{"embeddable":true,"href":"https:\/\/nordicdoll.com\/da\/wp-json\/wp\/v2\/comments?post=20407"}],"version-history":[{"count":1,"href":"https:\/\/nordicdoll.com\/da\/wp-json\/wp\/v2\/product\/20407\/revisions"}],"predecessor-version":[{"id":20408,"href":"https:\/\/nordicdoll.com\/da\/wp-json\/wp\/v2\/product\/20407\/revisions\/20408"}],"wp:featuredmedia":[{"embeddable":true,"href":"https:\/\/nordicdoll.com\/da\/wp-json\/wp\/v2\/media\/15950"}],"wp:attachment":[{"href":"https:\/\/nordicdoll.com\/da\/wp-json\/wp\/v2\/media?parent=20407"}],"wp:term":[{"taxonomy":"product_cat","embeddable":true,"href":"https:\/\/nordicdoll.com\/da\/wp-json\/wp\/v2\/product_cat?post=20407"},{"taxonomy":"product_tag","embeddable":true,"href":"https:\/\/nordicdoll.com\/da\/wp-json\/wp\/v2\/product_tag?post=20407"}],"curies":[{"name":"wp","href":"https:\/\/api.w.org\/{rel}","templated":true}]}}