{"id":20073,"date":"2024-04-22T12:30:28","date_gmt":"2024-04-22T12:30:28","guid":{"rendered":"https:\/\/aimdoll.com\/product\/testing-anatomically-correct-silicone-popped-young-japanese-lifelike-young-doll\/"},"modified":"2024-05-10T05:21:13","modified_gmt":"2024-05-10T05:21:13","slug":"testing-anatomically-correct-silicone-popped-young-japanese-lifelike-young-doll","status":"publish","type":"product","link":"https:\/\/nordicdoll.com\/da\/product\/tester-anatomisk-korrekt-silikonepuppet-ung-japansk-naturtro-ung-dukke\/","title":{"rendered":"Test af anatomisk korrekt silikone sprang ung japansk, naturtro ung dukke"},"content":{"rendered":"<p>Denne realistiske anatomisk korrekte b\u00f8rnesexdukke er en 80 cm silikonesexdukke i topkvalitet. Denne japanske naturtro b\u00f8rnesex-dukke har de funktioner, du har brug for til en fuldt ud realistisk seksuel oplevelse. Takket v\u00e6re de h\u00f8jkvalitetsmaterialer, der bruges i den unge lille sexdukke. Det er usandsynligt, at du vil sige, at 140 cm sexdukkekn\u00e6et sprang ud eller noget andet uheld. Dette skyldes, at denne b\u00f8rnesexdukke er designet til at holde.<\/p>\n<p>Desuden f\u00f8les denne smukke japanske \u00e6gte sexdukke mini 100 cm dukke fantastisk. Takket v\u00e6re omhyggeligt teksturerede kropsdele. Den slags du finder i 65 cm sexdukke vid. Denne japanske \u00e6gte loli sexdukke er perfekt til dig, hvis du elsker din sexdukke ung. Du kan v\u00e6re sikker p\u00e5, at du f\u00e5r en \u00e6gte japansk dukke, der ser godt ud, f\u00f8les fantastisk og holder l\u00e6nge. Derfor garanterer du en tilfredsstillende seksuel oplevelse.<\/p>\n<p>&nbsp;<\/p>\n\t\t<div data-elementor-type=\"section\" data-elementor-id=\"15956\" class=\"elementor elementor-15956\" data-elementor-post-type=\"elementor_library\">\n\t\t\t<div class=\"wd-negative-gap elementor-element elementor-element-e744d45 e-flex e-con-boxed e-con e-parent\" data-id=\"e744d45\" data-element_type=\"container\">\n\t\t\t\t\t<div class=\"e-con-inner\">\n\t\t<div class=\"wd-negative-gap elementor-element elementor-element-2abc4734 e-flex e-con-boxed e-con e-child\" data-id=\"2abc4734\" data-element_type=\"container\">\n\t\t\t\t\t<div class=\"e-con-inner\">\n\t\t<div class=\"wd-negative-gap elementor-element elementor-element-e4e90d0 e-flex e-con-boxed e-con e-child\" data-id=\"e4e90d0\" data-element_type=\"container\">\n\t\t\t\t\t<div class=\"e-con-inner\">\n\t\t\t\t<div class=\"elementor-element elementor-element-2191b1a4 elementor-cta--skin-cover elementor-animated-content elementor-bg-transform elementor-bg-transform-zoom-in elementor-widget elementor-widget-call-to-action\" data-id=\"2191b1a4\" data-element_type=\"widget\" data-widget_type=\"call-to-action.default\">\n\t\t\t\t<div class=\"elementor-widget-container\">\n\t\t\t\t\t<a class=\"elementor-cta\" href=\"https:\/\/nordicdoll.com\/da\/billeder-af-sex-dukke\/\">\n\t\t\t\t\t<div class=\"elementor-cta__bg-wrapper\">\n\t\t\t\t<div class=\"elementor-cta__bg elementor-bg\" style=\"background-image: url(https:\/\/nordicdoll.com\/wp-content\/uploads\/2024\/04\/redirect.jpg);\" role=\"img\" aria-label=\"omdirigere\"><\/div>\n\t\t\t\t<div class=\"elementor-cta__bg-overlay\"><\/div>\n\t\t\t<\/div>\n\t\t\t\t\t\t\t<div class=\"elementor-cta__content\">\n\t\t\t\t\n\t\t\t\t\t\t\t\t\t<h2 class=\"elementor-cta__title elementor-cta__content-item elementor-content-item elementor-animated-item--grow\">\n\t\t\t\t\t\t2500+ sm\u00e5 mini-sexdukker <\/br>sexdollxxx .com\t\t\t\t\t<\/h2>\n\t\t\t\t\n\t\t\t\t\t\t\t\t\t<div class=\"elementor-cta__description elementor-cta__content-item elementor-content-item elementor-animated-item--grow\">\n\t\t\t\t\t\t40 cm, 60 cm, 80 cm, 100 cm, 120 cm, 140 cm\t\t\t\t\t<\/div>\n\t\t\t\t\n\t\t\t\t\t\t\t\t\t<div class=\"elementor-cta__button-wrapper elementor-cta__content-item elementor-content-item elementor-animated-item--grow\">\n\t\t\t\t\t<span class=\"elementor-cta__button elementor-button elementor-size-md\">\n\t\t\t\t\t\tK\u00f8b nu\t\t\t\t\t<\/span>\n\t\t\t\t\t<\/div>\n\t\t\t\t\t\t\t<\/div>\n\t\t\t\t\t\t<\/a>\n\t\t\t\t<\/div>\n\t\t\t\t<\/div>\n\t\t\t\t\t<\/div>\n\t\t\t\t<\/div>\n\t\t\t\t\t<\/div>\n\t\t\t\t<\/div>\n\t\t\t\t\t<\/div>\n\t\t\t\t<\/div>\n\t\t\t\t<\/div>","protected":false},"excerpt":{"rendered":"<div data-elementor-type=\"section\" data-elementor-id=\"15952\" class=\"elementor elementor-15952\" data-elementor-post-type=\"elementor_library\">\n<div class=\"wd-negative-gap elementor-element elementor-element-49f97e26 e-flex e-con-boxed e-con e-parent\" data-id=\"49f97e26\" data-element_type=\"container\">\n<div class=\"e-con-inner\">\n<div class=\"wd-negative-gap elementor-element elementor-element-449b9556 e-flex e-con-boxed e-con e-child\" data-id=\"449b9556\" data-element_type=\"container\">\n<div class=\"e-con-inner\">\n<div class=\"elementor-element elementor-element-613a7c10 elementor-cta--skin-cover elementor-animated-content elementor-bg-transform elementor-bg-transform-zoom-in elementor-widget elementor-widget-call-to-action\" data-id=\"613a7c10\" data-element_type=\"widget\" data-widget_type=\"call-to-action.default\">\n<div class=\"elementor-widget-container\">\n\t\t\t<link rel=\"stylesheet\" href=\"https:\/\/nordicdoll.com\/wp-content\/uploads\/elementor\/css\/custom-pro-widget-call-to-action.min.css?ver=1716120294\">\t\t<a class=\"elementor-cta\" href=\"https:\/\/nordicdoll.com\/da\/billeder-af-sex-dukke\/\"><\/p>\n<div class=\"elementor-cta__bg-wrapper\">\n<div class=\"elementor-cta__bg elementor-bg\" style=\"background-image: url(https:\/\/nordicdoll.com\/wp-content\/uploads\/2024\/04\/redirect-1.jpg);\" role=\"img\" aria-label=\"redirect.jpg\"><\/div>\n<div class=\"elementor-cta__bg-overlay\"><\/div>\n<\/p><\/div>\n<div class=\"elementor-cta__content\">\n<h2 class=\"elementor-cta__title elementor-cta__content-item elementor-content-item elementor-animated-item--grow\">\n\t\t\t\t\t\t2500+ sm\u00e5 mini-sexdukker <\/br>sexdollxxx .com\t\t\t\t\t<\/h2>\n<div class=\"elementor-cta__description elementor-cta__content-item elementor-content-item elementor-animated-item--grow\">\n\t\t\t\t\t\t40 cm, 60 cm, 80 cm, 100 cm, 120 cm, 140 cm\t\t\t\t\t<\/div>\n<div class=\"elementor-cta__button-wrapper elementor-cta__content-item elementor-content-item elementor-animated-item--grow\">\n\t\t\t\t\t<span class=\"elementor-cta__button elementor-button elementor-size-md\"><br \/>\n\t\t\t\t\t\tK\u00f8b nu\t\t\t\t\t<\/span>\n\t\t\t\t\t<\/div>\n<\/p><\/div>\n<p>\t\t\t\t\t\t<\/a>\n\t\t\t\t<\/div>\n<\/p><\/div>\n<\/p><\/div>\n<\/p><\/div>\n<\/p><\/div>\n<\/p><\/div>\n<\/p><\/div>","protected":false},"featured_media":15950,"comment_status":"closed","ping_status":"closed","template":"","meta":[],"product_cat":[769,794,788],"product_tag":[],"aioseo_notices":[],"_links":{"self":[{"href":"https:\/\/nordicdoll.com\/da\/wp-json\/wp\/v2\/product\/20073"}],"collection":[{"href":"https:\/\/nordicdoll.com\/da\/wp-json\/wp\/v2\/product"}],"about":[{"href":"https:\/\/nordicdoll.com\/da\/wp-json\/wp\/v2\/types\/product"}],"replies":[{"embeddable":true,"href":"https:\/\/nordicdoll.com\/da\/wp-json\/wp\/v2\/comments?post=20073"}],"version-history":[{"count":2,"href":"https:\/\/nordicdoll.com\/da\/wp-json\/wp\/v2\/product\/20073\/revisions"}],"predecessor-version":[{"id":21700,"href":"https:\/\/nordicdoll.com\/da\/wp-json\/wp\/v2\/product\/20073\/revisions\/21700"}],"wp:featuredmedia":[{"embeddable":true,"href":"https:\/\/nordicdoll.com\/da\/wp-json\/wp\/v2\/media\/15950"}],"wp:attachment":[{"href":"https:\/\/nordicdoll.com\/da\/wp-json\/wp\/v2\/media?parent=20073"}],"wp:term":[{"taxonomy":"product_cat","embeddable":true,"href":"https:\/\/nordicdoll.com\/da\/wp-json\/wp\/v2\/product_cat?post=20073"},{"taxonomy":"product_tag","embeddable":true,"href":"https:\/\/nordicdoll.com\/da\/wp-json\/wp\/v2\/product_tag?post=20073"}],"curies":[{"name":"wp","href":"https:\/\/api.w.org\/{rel}","templated":true}]}}