{"id":15592,"date":"2024-04-19T12:46:24","date_gmt":"2024-04-19T12:46:24","guid":{"rendered":"https:\/\/aimdoll.com\/?page_id=15592"},"modified":"2024-04-24T12:42:10","modified_gmt":"2024-04-24T12:42:10","slug":"about-us","status":"publish","type":"page","link":"https:\/\/nordicdoll.com\/da\/om-os\/","title":{"rendered":"Om os"},"content":{"rendered":"<div data-elementor-type=\"wp-page\" data-elementor-id=\"15592\" class=\"elementor elementor-15592\" data-elementor-post-type=\"page\">\n\t\t\t\t\t\t<section class=\"wd-negative-gap elementor-section elementor-top-section elementor-element elementor-element-63ccb5ca space-xlg elementor-section-boxed elementor-section-height-default elementor-section-height-default\" data-id=\"63ccb5ca\" data-element_type=\"section\">\n\t\t\t\t\t\t<div class=\"elementor-container elementor-column-gap-default\">\n\t\t\t\t\t<div class=\"elementor-column elementor-col-100 elementor-top-column elementor-element elementor-element-7328e9f9\" data-id=\"7328e9f9\" data-element_type=\"column\">\n\t\t\t<div class=\"elementor-widget-wrap elementor-element-populated\">\n\t\t\t\t\t\t<div class=\"elementor-element elementor-element-65436a36 m-t-n-xs mb-5 elementor-widget elementor-widget-heading\" data-id=\"65436a36\" data-element_type=\"widget\" data-widget_type=\"heading.default\">\n\t\t\t\t<div class=\"elementor-widget-container\">\n\t\t\t<style>\/*! elementor - v3.21.0 - 15-04-2024 *\/\n.elementor-heading-title{padding:0;margin:0;line-height:1}.elementor-widget-heading .elementor-heading-title[class*=elementor-size-]>a{color:inherit;font-size:inherit;line-height:inherit}.elementor-widget-heading .elementor-heading-title.elementor-size-small{font-size:15px}.elementor-widget-heading .elementor-heading-title.elementor-size-medium{font-size:19px}.elementor-widget-heading .elementor-heading-title.elementor-size-large{font-size:29px}.elementor-widget-heading .elementor-heading-title.elementor-size-xl{font-size:39px}.elementor-widget-heading .elementor-heading-title.elementor-size-xxl{font-size:59px}<\/style><h2 class=\"elementor-heading-title elementor-size-default\">OM AINODOLL<\/h2>\t\t<\/div>\n\t\t\t\t<\/div>\n\t\t\t\t<div class=\"elementor-element elementor-element-596e654d mb-4 elementor-widget elementor-widget-heading\" data-id=\"596e654d\" data-element_type=\"widget\" data-widget_type=\"heading.default\">\n\t\t\t\t<div class=\"elementor-widget-container\">\n\t\t\t<h3 class=\"elementor-heading-title elementor-size-default\">Hvem vi er<\/h3>\t\t<\/div>\n\t\t\t\t<\/div>\n\t\t\t\t<section class=\"elementor-section elementor-inner-section elementor-element elementor-element-7fd9f02d elementor-section-full_width elementor-section-height-default elementor-section-height-default\" data-id=\"7fd9f02d\" data-element_type=\"section\">\n\t\t\t\t\t\t<div class=\"elementor-container elementor-column-gap-default\">\n\t\t\t\t\t<div class=\"elementor-column elementor-col-100 elementor-inner-column elementor-element elementor-element-6e5a7277\" data-id=\"6e5a7277\" data-element_type=\"column\">\n\t\t\t<div class=\"elementor-widget-wrap elementor-element-populated\">\n\t\t\t\t\t\t<div class=\"elementor-element elementor-element-4f47d2b8 color-scheme-inherit text-left elementor-widget elementor-widget-text-editor\" data-id=\"4f47d2b8\" data-element_type=\"widget\" data-widget_type=\"text-editor.default\">\n\t\t\t\t<div class=\"elementor-widget-container\">\n\t\t\t<style>\/*! elementor - v3.21.0 - 15-04-2024 *\/\n.elementor-widget-text-editor.elementor-drop-cap-view-stacked .elementor-drop-cap{background-color:#69727d;color:#fff}.elementor-widget-text-editor.elementor-drop-cap-view-framed .elementor-drop-cap{color:#69727d;border:3px solid;background-color:transparent}.elementor-widget-text-editor:not(.elementor-drop-cap-view-default) .elementor-drop-cap{margin-top:8px}.elementor-widget-text-editor:not(.elementor-drop-cap-view-default) .elementor-drop-cap-letter{width:1em;height:1em}.elementor-widget-text-editor .elementor-drop-cap{float:left;text-align:center;line-height:1;font-size:50px}.elementor-widget-text-editor .elementor-drop-cap-letter{display:inline-block}<\/style>\t\t\t\t<p>Ainodoll.com er den officielle hjemmeside for mini-sexdukker. Vi er et Sex Dolls Team fra Kina og har 6 \u00e5rs erfaring med at s\u00e6lge sexdukker online. I \u00f8jeblikket s\u00e6lges vores mini-sexdukker hovedsageligt til Nordamerika, Europa, Japan og Australien.<\/p>\t\t\t\t\t\t<\/div>\n\t\t\t\t<\/div>\n\t\t\t\t\t<\/div>\n\t\t<\/div>\n\t\t\t\t\t<\/div>\n\t\t<\/section>\n\t\t\t\t<div class=\"elementor-element elementor-element-1a33b11d m-b-xl elementor-widget elementor-widget-heading\" data-id=\"1a33b11d\" data-element_type=\"widget\" data-widget_type=\"heading.default\">\n\t\t\t\t<div class=\"elementor-widget-container\">\n\t\t\t<h2 class=\"elementor-heading-title elementor-size-default\">Hvorfor v\u00e6lge os<\/h2>\t\t<\/div>\n\t\t\t\t<\/div>\n\t\t\t\t<section class=\"elementor-section elementor-inner-section elementor-element elementor-element-404f4648 elementor-section-full_width mb-4 pb-1 elementor-section-height-default elementor-section-height-default\" data-id=\"404f4648\" data-element_type=\"section\">\n\t\t\t\t\t\t<div class=\"elementor-container elementor-column-gap-default\">\n\t\t\t\t\t<div class=\"elementor-column elementor-col-100 elementor-inner-column elementor-element elementor-element-6a15efb2\" data-id=\"6a15efb2\" data-element_type=\"column\">\n\t\t\t<div class=\"elementor-widget-wrap elementor-element-populated\">\n\t\t\t\t\t\t<div class=\"elementor-element elementor-element-f38a1ea color-scheme-inherit text-left elementor-widget elementor-widget-text-editor\" data-id=\"f38a1ea\" data-element_type=\"widget\" data-widget_type=\"text-editor.default\">\n\t\t\t\t<div class=\"elementor-widget-container\">\n\t\t\t\t\t\t\t<h5>*100% Autentiske, certificerede originale fabrikssexdukker<\/h5><p>Som en professionel leverand\u00f8r af mini-sexdukker leverer vi kun dukkeprodukter af h\u00f8j kvalitet og arbejder med producenter, der opfylder vores kvalitetsspecifikationer, s\u00e5som WM Dolls, Irontech Doll\uff0c6Ye Doll osv.<br \/>Vi ved, hvad du vil have, n\u00e5r du handler efter en kvalitets sexdukke, og vi har et udvalg af naturtro sexdukker lige til dig. Vores dukker er et resultat af et pr\u00e6cist design, der g\u00f8r dem sp\u00e6ndende og stimulerende at bruge. Vores k\u00e6rlighedsdukker er h\u00e5ndskulpturerede af professionelle, der bruger meget tid p\u00e5 at f\u00e5 alle detaljer frem. Hos ainodoll er vi stolte af vores sans for detaljer og produktkvalitet og garanterer derfor vores kundetilfredshed.<\/p><h5>*K\u00e6mpe dukkesamling (2000+ minidukker)<\/h5><p>Vores dukkefabrik udvikler nye modeller for at tilf\u00f8je nye k\u00e6rlighedsdukker hver uge. Med s\u00e5 mange krops- og hovedstile at v\u00e6lge imellem, er alt muligt! Fra store, overd\u00e5dige modeller til tynde og kvikke babes, kan enhver smag tilgodeses. Det inkluderer ogs\u00e5 nogle af vores eksotiske elskere, herunder elversk\u00f8nheder og buttede mamaer. Med udskiftelige hoveder har det aldrig v\u00e6ret nemmere at blande tingene sammen og pr\u00f8ve noget nyt!<\/p><h5>*Sikker betaling<\/h5><p>Vores hjemmeside er SSL-krypteret, og vi bruger ogs\u00e5 PayPal til at garantere dit privatliv og sikkerhed. Vi behandler ikke din ordre, f\u00f8r vi bekr\u00e6fter, at dine betalingsoplysninger er lovlige. Alle vores banktransaktioner, alle leveret, er ikke baseret p\u00e5 produktets art. Vi er forpligtet til at levere det h\u00f8jeste niveau af privatliv og vil aldrig videregive dine personlige oplysninger til tredjeparter. For flere betalingsoplysninger, se venligst betalingsvejledningssiden.<\/p><h5>* Overkommelig og rimelig pris<\/h5><p>N\u00e5r du handler efter sexdukker p\u00e5 ainodoll.com, kan du altid v\u00e6re sikker p\u00e5 at finde noget inden for dit budget. Vores udvalg af luksus sexdukker er rimeligt prissat. Vi sigter efter at give dig en sexdukke, der tjener dig fremragende og er inden for r\u00e6kkevidde.<\/p><h5>*Ingen fidus og k\u00f8bsgaranti<\/h5>\t\t\t\t\t\t<\/div>\n\t\t\t\t<\/div>\n\t\t\t\t\t<\/div>\n\t\t<\/div>\n\t\t\t\t\t<\/div>\n\t\t<\/section>\n\t\t\t\t<section class=\"elementor-section elementor-inner-section elementor-element elementor-element-47670a94 elementor-section-full_width elementor-section-height-default elementor-section-height-default\" data-id=\"47670a94\" data-element_type=\"section\">\n\t\t\t\t\t\t<div class=\"elementor-container elementor-column-gap-default\">\n\t\t\t\t\t<div class=\"elementor-column elementor-col-100 elementor-inner-column elementor-element elementor-element-37e64a0a\" data-id=\"37e64a0a\" data-element_type=\"column\">\n\t\t\t<div class=\"elementor-widget-wrap elementor-element-populated\">\n\t\t\t\t\t\t<div class=\"elementor-element elementor-element-1012628c color-scheme-inherit text-left elementor-widget elementor-widget-text-editor\" data-id=\"1012628c\" data-element_type=\"widget\" data-widget_type=\"text-editor.default\">\n\t\t\t\t<div class=\"elementor-widget-container\">\n\t\t\t\t\t\t\t<p>Vi leverer ingen falsk annoncerede produkter, vi behandler og byder oprigtigt velkommen til enhver kunde, der elsker sexdukker.<\/p><p>Vi arbejder ogs\u00e5 h\u00e5rdt for at sikre, at du f\u00e5r den bedst mulige sexdukke til r\u00e5dighed. Vi inspicerer visuelt hver enkelt dukke fra top til t\u00e5, f\u00f8r vi giver vores godkendelse til, at hun kommer hjem til dig. Hun g\u00e5r ikke f\u00f8r hun er g\u00e5et forbi. Vi kan endda sikre, at sm\u00e5ting, som du m\u00e5ske har efterspurgt, bliver taget h\u00e5nd om efter dine specifikationer.<\/p><p>Hvis der er nogen fejl med din ordre (defekter eller forkert forsendelse) ved modtagelse af din dukke, vil vi reparere den eller erstatte den. For mere information, se venligst siden Returpolitik.<\/p>\t\t\t\t\t\t<\/div>\n\t\t\t\t<\/div>\n\t\t\t\t\t<\/div>\n\t\t<\/div>\n\t\t\t\t\t<\/div>\n\t\t<\/section>\n\t\t\t\t\t<\/div>\n\t\t<\/div>\n\t\t\t\t\t<\/div>\n\t\t<\/section>\n\t\t\t\t<\/div>","protected":false},"excerpt":{"rendered":"<p>OM AINODOLL Hvem vi er Ainodoll.com er den officielle hjemmeside for mini-sexdukker. Vi er et Sex Dolls Team<\/p>","protected":false},"author":1,"featured_media":0,"parent":0,"menu_order":0,"comment_status":"closed","ping_status":"closed","template":"","meta":{"footnotes":""},"aioseo_notices":[],"_links":{"self":[{"href":"https:\/\/nordicdoll.com\/da\/wp-json\/wp\/v2\/pages\/15592"}],"collection":[{"href":"https:\/\/nordicdoll.com\/da\/wp-json\/wp\/v2\/pages"}],"about":[{"href":"https:\/\/nordicdoll.com\/da\/wp-json\/wp\/v2\/types\/page"}],"author":[{"embeddable":true,"href":"https:\/\/nordicdoll.com\/da\/wp-json\/wp\/v2\/users\/1"}],"replies":[{"embeddable":true,"href":"https:\/\/nordicdoll.com\/da\/wp-json\/wp\/v2\/comments?post=15592"}],"version-history":[{"count":9,"href":"https:\/\/nordicdoll.com\/da\/wp-json\/wp\/v2\/pages\/15592\/revisions"}],"predecessor-version":[{"id":21455,"href":"https:\/\/nordicdoll.com\/da\/wp-json\/wp\/v2\/pages\/15592\/revisions\/21455"}],"wp:attachment":[{"href":"https:\/\/nordicdoll.com\/da\/wp-json\/wp\/v2\/media?parent=15592"}],"curies":[{"name":"wp","href":"https:\/\/api.w.org\/{rel}","templated":true}]}}